{"id":147,"date":"2010-11-21T12:05:53","date_gmt":"2010-11-21T11:05:53","guid":{"rendered":"http:\/\/saxrecordings.com\/wordpress\/?page_id=147"},"modified":"2014-06-02T22:32:26","modified_gmt":"2014-06-02T21:32:26","slug":"quinzan","status":"publish","type":"page","link":"https:\/\/saxrecordings.studiosarneri.it\/?page_id=147","title":{"rendered":"Quinz\u00e0n"},"content":{"rendered":"<table width=\"594\" border=\"0\" cellspacing=\"0\" cellpadding=\"5\">\n<tbody>\n<tr>\n<td bgcolor=\"#333333\" width=\"584\">\n<h3><span style=\"color: #ffffff;\">Quinzan : <\/span><\/h3>\n<h3><span style=\"color: #ffffff;\">Pietro Bandini (Voce, testi),<br \/>\nAndrea Sarneri (Fisa, arrangiamenti),<br \/>\nMirko Monduzzi, Marco Vitali, Luca Savorani (Chitarre, mandolino, arrangiamenti)<\/span><\/h3>\n<\/td>\n<\/tr>\n<tr>\n<td width=\"584\">\u00a0<a href=\"http:\/\/www.rockit.it\/quinzan\/album\/veni-veni-e-mi-amore\/20448\" target=\"_blank\"><img loading=\"lazy\" decoding=\"async\" class=\"alignleft size-medium wp-image-413\" title=\"veni veni amor\" alt=\"\" src=\"https:\/\/saxrecordings.studiosarneri.it\/wp-content\/uploads\/2012\/10\/covermail-300x270.jpg\" width=\"300\" height=\"270\" srcset=\"https:\/\/saxrecordings.studiosarneri.it\/wp-content\/uploads\/2012\/10\/covermail-300x270.jpg 300w, https:\/\/saxrecordings.studiosarneri.it\/wp-content\/uploads\/2012\/10\/covermail.jpg 492w\" sizes=\"auto, (max-width: 300px) 100vw, 300px\" \/><\/a><img loading=\"lazy\" decoding=\"async\" class=\"alignleft\" style=\"border: 0px;\" alt=\"\" src=\"http:\/\/www.saxrecordings.com\/saxrecordings\/quinzan\/images\/lomamerz.jpg\" width=\"190\" height=\"192\" align=\"left\" border=\"0\" \/><img loading=\"lazy\" decoding=\"async\" class=\"alignleft\" style=\"border: 0px;\" alt=\"\" src=\"http:\/\/www.saxrecordings.com\/saxrecordings\/quinzan\/images\/unpiov.jpg\" width=\"198\" height=\"197\" align=\"right\" border=\"0\" \/><\/td>\n<\/tr>\n<tr>\n<td bgcolor=\"#333333\" width=\"584\">\u00a0<span style=\"color: #ffffff;\">&#8220;A gvardel ades e&#8217; mond e&#8217; p\u00e8 pi\u00f2 trancvel<\/span><span style=\"color: #ffffff;\">A gvardel ades d&#8217;in znoc e&#8217; p\u00e8 propti bel&#8230;.&#8221;<\/span><span style=\"color: #ffffff;\">Un&#8217;originale miscela di tradizioni e contemporaneit\u00e0. Testi in dialetto romagnolo che evitano ogni riferimento a un presunto &#8220;passato felice&#8221;, e raccontano invece &#8211; con ironia e amarezza &#8211; la necessit\u00e0 di una radice per potersi proiettare verso il futuro. Composizioni malinconiche o trascinanti, sempre arrangiate in maniera eccellente per un gruppo assai originale che gi\u00e0 si \u00e8 guadagnato ampi consensi di critica e pubblico (non solo locale) nonch\u00e9 apparizioni televisive.\u00a0<\/span><a href=\"http:\/\/www.saxrecordings.com\/saxrecordings\/quinzan\/quinzan.htm\" target=\"_parent\"><span style=\"color: #ffffff;\">Quinzan<\/span><\/a><span style=\"color: #ffffff;\">\u00a0\u00a0<\/span><span style=\"color: #ffffff;\">S<\/span><span style=\"color: #ffffff;\">ito ufficiale\u00a0<a href=\"http:\/\/www.quinzan.it\">www.quinzan.it<\/a><\/span><\/p>\n<p><span style=\"text-decoration: underline;\"><strong><span style=\"color: #ffffff; text-decoration: underline;\">\u00a0<\/span><\/strong><\/span><a href=\"http:\/\/www.saxrecordings.com\/users\/quinzan\/a%20gramadora.mp3\"><span style=\"color: #ffffff;\"><span style=\"text-decoration: underline;\"><strong>&#8220;A Gramadora&#8221;<\/strong><\/span> &#8211; tratto dal CD Lom a merz &#8211; ed.Faredollars <\/span><\/a><br \/>\n<span style=\"color: #ffffff;\">(voce Quinzan, Batteria Pepo Bianucci, Chitarra Marco Vitali,<br \/>\nBasso Luca Bonucci, Fisa Andrea Sarneri)<\/span><\/p>\n<p><a href=\"http:\/\/www.mobydickeditore.it\/cdmusica.html\" target=\"_blank\"><span style=\"color: #ffffff;\">Ed. Faredollars &#8211; Mobydick<\/span><\/a><\/p>\n<p><span style=\"color: #ffffff;\">\u00a0<object width=\"240\" height=\"190\" classid=\"clsid:d27cdb6e-ae6d-11cf-96b8-444553540000\" codebase=\"http:\/\/download.macromedia.com\/pub\/shockwave\/cabs\/flash\/swflash.cab#version=6,0,40,0\"><param name=\"src\" value=\"http:\/\/www.youtube.com\/v\/WWVT6WK3qKA&amp;hl=it_IT&amp;fs=1&amp;\" \/><param name=\"allowfullscreen\" value=\"true\" \/><embed width=\"240\" height=\"190\" type=\"application\/x-shockwave-flash\" src=\"http:\/\/www.youtube.com\/v\/WWVT6WK3qKA&amp;hl=it_IT&amp;fs=1&amp;\" allowfullscreen=\"true\" \/><\/object><object width=\"240\" height=\"190\" classid=\"clsid:d27cdb6e-ae6d-11cf-96b8-444553540000\" codebase=\"http:\/\/download.macromedia.com\/pub\/shockwave\/cabs\/flash\/swflash.cab#version=6,0,40,0\"><param name=\"src\" value=\"http:\/\/www.youtube.com\/v\/BuDPvy6QEz0&amp;hl=it_IT&amp;fs=1&amp;\" \/><param name=\"allowfullscreen\" value=\"true\" \/><embed width=\"240\" height=\"190\" type=\"application\/x-shockwave-flash\" src=\"http:\/\/www.youtube.com\/v\/BuDPvy6QEz0&amp;hl=it_IT&amp;fs=1&amp;\" allowfullscreen=\"true\" \/><\/object><\/span><\/p>\n<p><span style=\"color: #ffffff;\">\u00a0<\/span><\/p>\n<p><span style=\"color: #ffffff;\">\u00a0<object width=\"240\" height=\"190\" classid=\"clsid:d27cdb6e-ae6d-11cf-96b8-444553540000\" codebase=\"http:\/\/download.macromedia.com\/pub\/shockwave\/cabs\/flash\/swflash.cab#version=6,0,40,0\"><param name=\"src\" value=\"http:\/\/www.youtube.com\/v\/kdLz6YdFeEs&amp;hl=it_IT&amp;fs=1&amp;\" \/><param name=\"allowfullscreen\" value=\"true\" \/><embed width=\"240\" height=\"190\" type=\"application\/x-shockwave-flash\" src=\"http:\/\/www.youtube.com\/v\/kdLz6YdFeEs&amp;hl=it_IT&amp;fs=1&amp;\" allowfullscreen=\"true\" \/><\/object><object width=\"240\" height=\"190\" classid=\"clsid:d27cdb6e-ae6d-11cf-96b8-444553540000\" codebase=\"http:\/\/download.macromedia.com\/pub\/shockwave\/cabs\/flash\/swflash.cab#version=6,0,40,0\"><param name=\"src\" value=\"http:\/\/www.youtube.com\/v\/ScbAiA-slqc&amp;hl=it_IT&amp;fs=1&amp;\" \/><param name=\"allowfullscreen\" value=\"true\" \/><embed width=\"240\" height=\"190\" type=\"application\/x-shockwave-flash\" src=\"http:\/\/www.youtube.com\/v\/ScbAiA-slqc&amp;hl=it_IT&amp;fs=1&amp;\" allowfullscreen=\"true\" \/><\/object><\/span><\/p>\n<p><span style=\"color: #ffffff;\">\u00a0<\/span><\/p>\n<p><span style=\"color: #ffffff;\">\u00a0<\/span><\/p>\n<p><span style=\"color: #ffffff;\">\u00a0<\/span><\/p>\n<p><span style=\"color: #ffffff;\">\u00a0<\/span><\/p>\n<p><span style=\"color: #ffffff;\">\u00a0<\/span><\/td>\n<\/tr>\n<\/tbody>\n<\/table>\n","protected":false},"excerpt":{"rendered":"<p>Quinzan : Pietro Bandini (Voce, testi), Andrea Sarneri (Fisa, arrangiamenti), Mirko Monduzzi, Marco Vitali, Luca Savorani (Chitarre, mandolino, arrangiamenti) \u00a0 \u00a0&#8220;A gvardel ades e&#8217; mond e&#8217; p\u00e8 pi\u00f2 trancvelA gvardel ades d&#8217;in znoc e&#8217; p\u00e8 propti bel&#8230;.&#8221;Un&#8217;originale miscela di tradizioni e contemporaneit\u00e0. Testi in dialetto romagnolo che evitano ogni riferimento a un presunto &#8220;passato felice&#8221;, &hellip; <\/p>\n<p><a class=\"more-link btn\" href=\"https:\/\/saxrecordings.studiosarneri.it\/?page_id=147\">Continue reading<\/a><\/p>\n","protected":false},"author":10,"featured_media":0,"parent":145,"menu_order":100,"comment_status":"closed","ping_status":"closed","template":"template-onecolumn.php","meta":{"om_disable_all_campaigns":false,"_monsterinsights_skip_tracking":false,"_monsterinsights_sitenote_active":false,"_monsterinsights_sitenote_note":"","_monsterinsights_sitenote_category":0,"_uf_show_specific_survey":0,"_uf_disable_surveys":false,"footnotes":""},"class_list":["post-147","page","type-page","status-publish","hentry","nodate","item-wrap"],"aioseo_notices":[],"_links":{"self":[{"href":"https:\/\/saxrecordings.studiosarneri.it\/index.php?rest_route=\/wp\/v2\/pages\/147","targetHints":{"allow":["GET"]}}],"collection":[{"href":"https:\/\/saxrecordings.studiosarneri.it\/index.php?rest_route=\/wp\/v2\/pages"}],"about":[{"href":"https:\/\/saxrecordings.studiosarneri.it\/index.php?rest_route=\/wp\/v2\/types\/page"}],"author":[{"embeddable":true,"href":"https:\/\/saxrecordings.studiosarneri.it\/index.php?rest_route=\/wp\/v2\/users\/10"}],"replies":[{"embeddable":true,"href":"https:\/\/saxrecordings.studiosarneri.it\/index.php?rest_route=%2Fwp%2Fv2%2Fcomments&post=147"}],"version-history":[{"count":10,"href":"https:\/\/saxrecordings.studiosarneri.it\/index.php?rest_route=\/wp\/v2\/pages\/147\/revisions"}],"predecessor-version":[{"id":149,"href":"https:\/\/saxrecordings.studiosarneri.it\/index.php?rest_route=\/wp\/v2\/pages\/147\/revisions\/149"}],"up":[{"embeddable":true,"href":"https:\/\/saxrecordings.studiosarneri.it\/index.php?rest_route=\/wp\/v2\/pages\/145"}],"wp:attachment":[{"href":"https:\/\/saxrecordings.studiosarneri.it\/index.php?rest_route=%2Fwp%2Fv2%2Fmedia&parent=147"}],"curies":[{"name":"wp","href":"https:\/\/api.w.org\/{rel}","templated":true}]}}