{"id":184,"date":"2010-11-21T13:14:50","date_gmt":"2010-11-21T12:14:50","guid":{"rendered":"http:\/\/saxrecordings.com\/wordpress\/?page_id=184"},"modified":"2013-06-21T15:13:44","modified_gmt":"2013-06-21T14:13:44","slug":"quelli-che-il-blasco","status":"publish","type":"page","link":"https:\/\/saxrecordings.studiosarneri.it\/?page_id=184","title":{"rendered":"Quelli che il Blasco"},"content":{"rendered":"<table style=\"width: 633px; height: 836px;\" width=\"633\" border=\"0\" cellspacing=\"1\" cellpadding=\"5\" bgcolor=\"#000000\">\n<tbody>\n<tr>\n<td bgcolor=\"#000000\">\n<h1 style=\"text-align: center;\"><\/h1>\n<h1 style=\"text-align: center;\"><em><span style=\"color: #ffff00;\">QUELLI CHE IL BLASCO&#8230;<\/span><\/em><br \/>\n<a href=\"https:\/\/saxrecordings.studiosarneri.it\/wp-content\/uploads\/2012\/10\/combriccola.jpg\"><img loading=\"lazy\" decoding=\"async\" class=\"alignleft size-medium wp-image-424\" alt=\"combriccola\" src=\"https:\/\/saxrecordings.studiosarneri.it\/wp-content\/uploads\/2012\/10\/combriccola-300x225.jpg\" width=\"300\" height=\"225\" srcset=\"https:\/\/saxrecordings.studiosarneri.it\/wp-content\/uploads\/2012\/10\/combriccola-300x225.jpg 300w, https:\/\/saxrecordings.studiosarneri.it\/wp-content\/uploads\/2012\/10\/combriccola.jpg 503w\" sizes=\"auto, (max-width: 300px) 100vw, 300px\" \/><\/a><\/h1>\n<\/td>\n<\/tr>\n<tr>\n<td bgcolor=\"#666633\"><span style=\"color: #000000;\">La band:Quelli che &#8230;il Blasco nasce da una iniziativa di Lele e Gianca (voce e chitarra el.) verso la fine del 2001, sfegatati appassionati di Vasco Rossi, per creare una Cover Band dedicata al mitico e intramomtabile.<br \/>\nL&#8217;area di appartenenza \u00e8 quella emiliana, dove il sentire , il pensare, il muoversi e il suonare sono affini al Blasco, e dove il cosiddetto &#8220;Rock emiliano&#8221; fonda le sue solide radici.<br \/>\nIl progetto \u00e8 condiviso da Andrea (piano e tastiere), Marco (chitarra solista) Franz (basso elettrico) e Matteo (batteria).<br \/>\nLa band, seguita costantemente nei concerti da un irriducibile gruppo di suppporters e amici, riesce sempre a coinvolgere il pubblico attraverso un attento mix dei brani pi\u00f9 famosi e interessanti del cantautore di Zocca, mantenendo comunque una propria originalit\u00e0 che parte dalla volont\u00e0 di essere non una &#8220;fotocopia band&#8221;, ma una\u00a0 una vera\u00a0 &#8220;Cover Band&#8221;. \u00a0<\/span><\/p>\n<p>&nbsp;<\/p>\n<pre><span style=\"color: #ffff99;\"><a href=\"http:\/\/www.saxrecordings.com\/users\/quellicheilblasco\/vasco_14.mp3\"><span style=\"color: #ffff99;\">vita spericolata - live rec.<\/span><\/a><\/span><\/pre>\n<pre><span style=\"color: #ffff99;\"><a href=\"http:\/\/www.saxrecordings.com\/users\/quellicheilblasco\/vasco_21.mp3\"><span style=\"color: #ffff99;\">alba chiara - live rec.<\/span><\/a><\/span><\/pre>\n<\/td>\n<\/tr>\n<tr>\n<td bgcolor=\"#666633\"><\/td>\n<\/tr>\n<\/tbody>\n<\/table>\n<p>&nbsp;<\/p>\n","protected":false},"excerpt":{"rendered":"<p>QUELLI CHE IL BLASCO&#8230; La band:Quelli che &#8230;il Blasco nasce da una iniziativa di Lele e Gianca (voce e chitarra el.) verso la fine del 2001, sfegatati appassionati di Vasco Rossi, per creare una Cover Band dedicata al mitico e intramomtabile. L&#8217;area di appartenenza \u00e8 quella emiliana, dove il sentire , il pensare, il muoversi &hellip; <\/p>\n<p><a class=\"more-link btn\" href=\"https:\/\/saxrecordings.studiosarneri.it\/?page_id=184\">Continue reading<\/a><\/p>\n","protected":false},"author":10,"featured_media":0,"parent":145,"menu_order":800,"comment_status":"closed","ping_status":"closed","template":"template-onecolumn.php","meta":{"om_disable_all_campaigns":false,"_monsterinsights_skip_tracking":false,"_monsterinsights_sitenote_active":false,"_monsterinsights_sitenote_note":"","_monsterinsights_sitenote_category":0,"_uf_show_specific_survey":0,"_uf_disable_surveys":false,"footnotes":""},"class_list":["post-184","page","type-page","status-publish","hentry","nodate","item-wrap"],"aioseo_notices":[],"_links":{"self":[{"href":"https:\/\/saxrecordings.studiosarneri.it\/index.php?rest_route=\/wp\/v2\/pages\/184","targetHints":{"allow":["GET"]}}],"collection":[{"href":"https:\/\/saxrecordings.studiosarneri.it\/index.php?rest_route=\/wp\/v2\/pages"}],"about":[{"href":"https:\/\/saxrecordings.studiosarneri.it\/index.php?rest_route=\/wp\/v2\/types\/page"}],"author":[{"embeddable":true,"href":"https:\/\/saxrecordings.studiosarneri.it\/index.php?rest_route=\/wp\/v2\/users\/10"}],"replies":[{"embeddable":true,"href":"https:\/\/saxrecordings.studiosarneri.it\/index.php?rest_route=%2Fwp%2Fv2%2Fcomments&post=184"}],"version-history":[{"count":9,"href":"https:\/\/saxrecordings.studiosarneri.it\/index.php?rest_route=\/wp\/v2\/pages\/184\/revisions"}],"predecessor-version":[{"id":188,"href":"https:\/\/saxrecordings.studiosarneri.it\/index.php?rest_route=\/wp\/v2\/pages\/184\/revisions\/188"}],"up":[{"embeddable":true,"href":"https:\/\/saxrecordings.studiosarneri.it\/index.php?rest_route=\/wp\/v2\/pages\/145"}],"wp:attachment":[{"href":"https:\/\/saxrecordings.studiosarneri.it\/index.php?rest_route=%2Fwp%2Fv2%2Fmedia&parent=184"}],"curies":[{"name":"wp","href":"https:\/\/api.w.org\/{rel}","templated":true}]}}