{"id":228,"date":"2010-11-21T22:08:49","date_gmt":"2010-11-21T21:08:49","guid":{"rendered":"http:\/\/saxrecordings.com\/wordpress\/?page_id=228"},"modified":"2010-11-21T22:10:11","modified_gmt":"2010-11-21T21:10:11","slug":"links","status":"publish","type":"page","link":"https:\/\/saxrecordings.studiosarneri.it\/?page_id=228","title":{"rendered":"Links"},"content":{"rendered":"<p><a href=\"http:\/\/www.quinzan.it\/\">http:\/\/www.quinzan.it<\/a>\u00a0\u00a0\u00a0 per non dimenticare che il dialetto romagnolo pu\u00f2 dire ancora molto.<\/p>\n<p><a href=\"http:\/\/www.generalmusic.com\/\">http:\/\/www.generalmusic.com<\/a>\u00a0 dove si \u00e8 tribolato\u00a0 e gioito per diversi anni a far &#8220;suonare&#8221; il silicio.<\/p>\n<p><a href=\"http:\/\/www.donjulin.com\/\">http:\/\/www.donjulin.com<\/a>\u00a0 sapori di jazz&#8230;o se si vuole di musica a 360 gradi<\/p>\n<p><a href=\"http:\/\/www.neptunequartet.com\/\">http:\/\/www.neptunequartet.com<\/a>\u00a0<\/p>\n<p><a href=\"http:\/\/www.materialimusicali.it\/\">http:\/\/www.materialimusicali.it<\/a>\u00a0 &#8230;nata come la migliore organizzazione di supporto alle band in romagna (e non solo),\u00a0 se ne \u00e8 fatta di strada dal vecchio circolo Nisida, poi ARCIkids, &#8230;, fino al MEI che ogni anno diventa sempre pi\u00f9&#8230;.gigante!Complimenti Giordano!<\/p>\n<p><a href=\"http:\/\/www.creativemastering.com\/\">http:\/\/www.creativemastering.com<\/a>\u00a0 grazie a Stefano Cappelli anche in romagna abbiamo uno studio dove la masterizzazione \u00e8 una cosa seria! A ciascuno il suo mestiere!<\/p>\n<p><a href=\"http:\/\/www.lucabonucci.com\/\">http:\/\/www.lucabonucci.com\/<\/a> un amico e uno dei pi\u00f9 versatili talenti faentini: un musicista eccezionale.<\/p>\n<p><a href=\"http:\/\/www.musicanelleaie.org\/\">http:\/\/www.musicanelleaie.org\/<\/a> per recuperare la dimensione pi\u00f9 genuina del far musica insieme. Una grande festa di musicisti, di gente, e di buona tavola.<\/p>\n<p><a href=\"http:\/\/www.gruppodicontinuita.it\/\">http:\/\/www.gruppodicontinuita.it <\/a>\u00a0&#8230;.internauti, musicisti, poeti: &#8230;.creativi in fibrillazione continua.<\/p>\n<p><a href=\"http:\/\/www.universalband.it\/\">http:\/\/www.universalband.it\/<\/a> \u00a0\u00a0 cover band? macch\u00e8..tribute band? macch\u00e8, molto di pi\u00f9&#8230;cult band? forse..andate a vederli: grande Davide Cicognani, non per niente passato da SaxRecordings come DoctorDoom..!<\/p>\n<p><a href=\"http:\/\/web.tiscali.it\/ehrock\/\">http:\/\/web.tiscali.it\/ehrock\/<\/a>\u00a0\u00a0 Carissimi compagni di viaggio in un momento magico.<\/p>\n<p><a href=\"http:\/\/www.rodolfosantandrea.com\/\">http:\/\/www.rodolfosantandrea.com<\/a> &#8230;illustre ricercatore Faentino,vivente (..eccome!).<\/p>\n","protected":false},"excerpt":{"rendered":"<p>http:\/\/www.quinzan.it\u00a0\u00a0\u00a0 per non dimenticare che il dialetto romagnolo pu\u00f2 dire ancora molto. http:\/\/www.generalmusic.com\u00a0 dove si \u00e8 tribolato\u00a0 e gioito per diversi anni a far &#8220;suonare&#8221; il silicio. http:\/\/www.donjulin.com\u00a0 sapori di jazz&#8230;o se si vuole di musica a 360 gradi http:\/\/www.neptunequartet.com\u00a0 http:\/\/www.materialimusicali.it\u00a0 &#8230;nata come la migliore organizzazione di supporto alle band in romagna (e non solo),\u00a0 &hellip; <\/p>\n<p><a class=\"more-link btn\" href=\"https:\/\/saxrecordings.studiosarneri.it\/?page_id=228\">Continue reading<\/a><\/p>\n","protected":false},"author":10,"featured_media":0,"parent":0,"menu_order":700,"comment_status":"closed","ping_status":"closed","template":"","meta":{"om_disable_all_campaigns":false,"_monsterinsights_skip_tracking":false,"_monsterinsights_sitenote_active":false,"_monsterinsights_sitenote_note":"","_monsterinsights_sitenote_category":0,"_uf_show_specific_survey":0,"_uf_disable_surveys":false,"footnotes":""},"class_list":["post-228","page","type-page","status-publish","hentry","nodate","item-wrap"],"aioseo_notices":[],"_links":{"self":[{"href":"https:\/\/saxrecordings.studiosarneri.it\/index.php?rest_route=\/wp\/v2\/pages\/228","targetHints":{"allow":["GET"]}}],"collection":[{"href":"https:\/\/saxrecordings.studiosarneri.it\/index.php?rest_route=\/wp\/v2\/pages"}],"about":[{"href":"https:\/\/saxrecordings.studiosarneri.it\/index.php?rest_route=\/wp\/v2\/types\/page"}],"author":[{"embeddable":true,"href":"https:\/\/saxrecordings.studiosarneri.it\/index.php?rest_route=\/wp\/v2\/users\/10"}],"replies":[{"embeddable":true,"href":"https:\/\/saxrecordings.studiosarneri.it\/index.php?rest_route=%2Fwp%2Fv2%2Fcomments&post=228"}],"version-history":[{"count":2,"href":"https:\/\/saxrecordings.studiosarneri.it\/index.php?rest_route=\/wp\/v2\/pages\/228\/revisions"}],"predecessor-version":[{"id":231,"href":"https:\/\/saxrecordings.studiosarneri.it\/index.php?rest_route=\/wp\/v2\/pages\/228\/revisions\/231"}],"wp:attachment":[{"href":"https:\/\/saxrecordings.studiosarneri.it\/index.php?rest_route=%2Fwp%2Fv2%2Fmedia&parent=228"}],"curies":[{"name":"wp","href":"https:\/\/api.w.org\/{rel}","templated":true}]}}