{"id":43,"date":"2010-11-20T21:41:25","date_gmt":"2010-11-20T20:41:25","guid":{"rendered":"http:\/\/saxrecordings.com\/wordpress\/?page_id=43"},"modified":"2024-12-18T15:13:58","modified_gmt":"2024-12-18T14:13:58","slug":"home-recordings","status":"publish","type":"page","link":"https:\/\/saxrecordings.studiosarneri.it\/?page_id=43","title":{"rendered":"home recordings"},"content":{"rendered":"<p>SAXRECORDINGS &#8211; la Storia&#8230;<\/p>\n<p>Il SAX STUDIO nasce per caso nel 1978 , o gi\u00f9 di l\u00ec , dopo alcune esperienze in alcune Radio Private e autogestite (<a href=\"http:\/\/www.maritv.net\/radioestive.htm\">http:\/\/www.maritv.net\/radioestive.htm<\/a>): la passione per l&#8217;audiotecnica ed in parallelo per la musica, portano a creare uno spazio per le prove della prima band &#8221; <a href=\"http:\/\/www.saxrecordings.com\/saxrecordings\/LEfave\/index.htm\">le fave squarcianti<\/a>&#8221; nata nel\u00a0 1978, assieme a Roberto Baccaro, Davide Lusa, Matteo Palli, Carlo Zoli, Sandro Asirelli, e altri amici, con sensibilit\u00e0 a cavallo tra progressive, pop inglese, ed episodi di Rock&#8217;nRoll.<\/p>\n<p>Da subito l&#8217;esigenza di registrare le prove e di migliorare la qualit\u00e0 audio degli arrangiamenti , che si venivano arricchendo di sonorit\u00e0 elettriche, porta a insonorizzare il piccolo ambiente disponibile (con gli immancabili cartoni delle uova), ed in breve tempo a separare lo spazio della batteria dal resto. L&#8217;embrione di struttura si consolida attorno ad un Mixer e due casse autocostruite, un registratore a cassette, depredato dallo stereo casalingo, e un set di 4 microfoni a cardiode.<\/p>\n<p>Nasce in questo modo l&#8217;inprinting e il gusto per la registrazione &#8220;live&#8221; in ambiente &#8220;controllato&#8221;.<br \/>\nTerminata l&#8217;esperienza con le Fave, si fa strada con l&#8217;inizio degli anni 80 la necessit\u00e0 di gestire sonorit\u00e0 diverse, elettroniche, l&#8217;uso del sintetizzatore, della Drum machine, del sequencer. Con l&#8217;avvento dello standard MIDI lo studio si dota di un Roland MC500, col quale gestire arrangiamenti multitraccia Midi. In questo periodo si sviluppa l&#8217;attivit\u00e0 con la band <a href=\"http:\/\/www.saxrecordings.com\/saxrecordings\/Kriminal\/index.htm\">Kriminal Tango<\/a> che sfocia nella realizzazione del Vinile &#8220;Cover&#8221;, prodotto da Materiali Musicali.<br \/>\nSi iniziano a produrre &#8220;basi musicali Midi &#8221; per amici e cantanti locali con voglia di emergere, arrangiamenti per spettacoli teatrali, ecc..Per poter creare basi musicali con tracce analogiche comunque serve un registratore multitraccia, e la possibilit\u00e0 \u00e8 un 4 tracce a cassette, che svolge il suo glorioso servizio fino al 1989.<\/p>\n<p>I limiti tecnologici impongono comunque di mantenere sempre la filosofia &#8220;live&#8221;, con un po&#8217; di flessibilit\u00e0 in pi\u00f9 (es. 2 tracce per base di basso e batteria e tastiere\u00a0remixate, e possibilmente registrate &#8220;live&#8221;, successiva aggiunta delle altre due tracce per voce e solisti). In questo modo la qualit\u00e0 sonora si riusciva a\u00a0 migliorare in fase di missaggio e riversamento sulla cassetta master stereo finale, con l&#8217;equalizzazione, il gating, e l&#8217;aggiunta di effetti.<\/p>\n<p>Nel periodo 1984-1988\u00a0\u00a0 numerosi gruppi utilizzano lo studio per realizzare &#8220;demo-tape&#8221; promozionali. Siamo nel pieno degli anni 80: new wave e post-punk sono i generi preferiti dalle band italiane, cominciano a intravedersi\u00a0 il revival Garage-psichedelico,\u00a0 e i primi sintomi italiani dell&#8217;house music e Rap (le varie Posse).<\/p>\n<p>Tra l&#8217;89 e il 95 si apre una parentesi &#8220;militar-lavorativa&#8221;, lo studio cessa la sua attivit\u00e0 (anche se continua una certa di produzione di basi Midi con le quali si comincia ad utilizzare il PC &#8211; mitico Atari) per poi ritornare nel 95 con l&#8217;avvento della rivoluzione digitale: finalmente \u00e8 possibile trattare il segnale audio con il PC! Si riprende l&#8217;attivit\u00e0 seguendo l&#8217;evoluzione tecnologica delle schede audio, utilizzando schede a 4 canali in combinazione con il software Cubase. La possibilit\u00e0 di poter sincronizzare tracce audio e midi in un unico strumento,\u00a0 la successiva possibilit\u00e0 di poter accumulare ulteriori tracce e creare missaggi digitali di un numero &#8220;illimitato&#8221; di tracce, nonch\u00e8 la disponibilit\u00e0 di plug-in ed effetti , consentono di fare un salto di qualit\u00e0 nella complessit\u00e0 e qualit\u00e0 delle registrazioni.<\/p>\n<p>Schede a 2\/ 4 canali sono comunque ancora limitate e non consentono ancora di acquisire in realtime e separatamente tutte le tracce necessarie. E&#8217; quindi necessario ancora mantenere l&#8217;impostazione &#8220;live&#8221; con la band che suona dal vivo, col vantaggio di poter poi accumulare su tracce via via separate solisti, voci, cori, e altri strumenti. In questo contesto per mantenere il &#8220;groove&#8221; la batteria viene premixata su due tracce , il basso sulla terza traccia ed una eventuale voce+strumenti guida sulla quarta (che verr\u00e0 poi rifatta). Tutto il resto si andr\u00e0 ad aggiungere per &#8220;ripassi&#8221; successivi.<br \/>\nNel 1996 lo studio si sposta dalla sede originaria, ad un&#8217;altra con due ambienti di cui uno trattato acusticamente e un secondo per il monitoraggio e l&#8217;ascolto. In questa sede si realizzano lavori anche con ADAT, sfruttando lo spazio per la ripresa acustica, ma portando esternamente le successive fasi di lavorazione (remix, mastering). Viene incrementata la dotazione di microfoni, e di strumentazione, fino a dotarsi di una interfaccia Motu 828MkII, con la quale si aprono le possibilit\u00e0 di registrazioni full live multitraccia fino 10+2 canali digitali a 24 bit\/96Khz.<\/p>\n<p>Nel 2007 lo studio si trasferisce nella attuale sede, con spazi pi\u00f9 grandi, ambienti trattati acusticamente, la possibilit\u00e0 di fornire altri servizi attraverso la connettivit\u00e0 internet,\u00a0 rinnovato parco microfoni, strumentazione e risorse software, ma sempre con la stessa filosofia di &#8220;home recording&#8221; evoluto, privilegiando l&#8217;esecuzione live, la convivialit\u00e0, la attesa paziente del risultato e dello spunto &#8220;giusto&#8221;.<\/p>\n","protected":false},"excerpt":{"rendered":"<p>SAXRECORDINGS &#8211; la Storia&#8230; Il SAX STUDIO nasce per caso nel 1978 , o gi\u00f9 di l\u00ec , dopo alcune esperienze in alcune Radio Private e autogestite (http:\/\/www.maritv.net\/radioestive.htm): la passione per l&#8217;audiotecnica ed in parallelo per la musica, portano a creare uno spazio per le prove della prima band &#8221; le fave squarcianti&#8221; nata nel\u00a0 &hellip; <\/p>\n<p><a class=\"more-link btn\" href=\"https:\/\/saxrecordings.studiosarneri.it\/?page_id=43\">Continue reading<\/a><\/p>\n","protected":false},"author":10,"featured_media":0,"parent":23,"menu_order":200,"comment_status":"closed","ping_status":"closed","template":"template-onecolumn.php","meta":{"om_disable_all_campaigns":false,"_monsterinsights_skip_tracking":false,"_monsterinsights_sitenote_active":false,"_monsterinsights_sitenote_note":"","_monsterinsights_sitenote_category":0,"_uf_show_specific_survey":0,"_uf_disable_surveys":false,"footnotes":""},"class_list":["post-43","page","type-page","status-publish","hentry","nodate","item-wrap"],"aioseo_notices":[],"_links":{"self":[{"href":"https:\/\/saxrecordings.studiosarneri.it\/index.php?rest_route=\/wp\/v2\/pages\/43","targetHints":{"allow":["GET"]}}],"collection":[{"href":"https:\/\/saxrecordings.studiosarneri.it\/index.php?rest_route=\/wp\/v2\/pages"}],"about":[{"href":"https:\/\/saxrecordings.studiosarneri.it\/index.php?rest_route=\/wp\/v2\/types\/page"}],"author":[{"embeddable":true,"href":"https:\/\/saxrecordings.studiosarneri.it\/index.php?rest_route=\/wp\/v2\/users\/10"}],"replies":[{"embeddable":true,"href":"https:\/\/saxrecordings.studiosarneri.it\/index.php?rest_route=%2Fwp%2Fv2%2Fcomments&post=43"}],"version-history":[{"count":7,"href":"https:\/\/saxrecordings.studiosarneri.it\/index.php?rest_route=\/wp\/v2\/pages\/43\/revisions"}],"predecessor-version":[{"id":646,"href":"https:\/\/saxrecordings.studiosarneri.it\/index.php?rest_route=\/wp\/v2\/pages\/43\/revisions\/646"}],"up":[{"embeddable":true,"href":"https:\/\/saxrecordings.studiosarneri.it\/index.php?rest_route=\/wp\/v2\/pages\/23"}],"wp:attachment":[{"href":"https:\/\/saxrecordings.studiosarneri.it\/index.php?rest_route=%2Fwp%2Fv2%2Fmedia&parent=43"}],"curies":[{"name":"wp","href":"https:\/\/api.w.org\/{rel}","templated":true}]}}